{"id":141,"date":"2018-07-31T13:52:30","date_gmt":"2018-07-31T11:52:30","guid":{"rendered":"http:\/\/annie-coudert.fr\/?page_id=141"},"modified":"2018-08-04T17:10:56","modified_gmt":"2018-08-04T15:10:56","slug":"accueil","status":"publish","type":"page","link":"https:\/\/annie-coudert.fr\/index.php\/accueil\/","title":{"rendered":"Pr\u00e9sentation"},"content":{"rendered":"<p><a href=\"http:\/\/annie-coudert.fr\/wp-content\/uploads\/2018\/07\/fondecrans.jpg\"><img loading=\"lazy\" decoding=\"async\" class=\"alignnone size-medium wp-image-145\" src=\"http:\/\/annie-coudert.fr\/wp-content\/uploads\/2018\/07\/fondecrans-300x218.jpg\" alt=\"\" width=\"300\" height=\"218\" srcset=\"https:\/\/annie-coudert.fr\/wp-content\/uploads\/2018\/07\/fondecrans-300x218.jpg 300w, https:\/\/annie-coudert.fr\/wp-content\/uploads\/2018\/07\/fondecrans-768x559.jpg 768w, https:\/\/annie-coudert.fr\/wp-content\/uploads\/2018\/07\/fondecrans-1024x745.jpg 1024w, https:\/\/annie-coudert.fr\/wp-content\/uploads\/2018\/07\/fondecrans.jpg 1800w\" sizes=\"auto, (max-width: 300px) 100vw, 300px\" \/><\/a><\/p>\n<p><strong><span style=\"font-family: Adobe Garamond Pro, serif;\"><span style=\"font-size: medium;\">Issue d&rsquo;une famille o\u00f9 la couture tenait une place importante, j&rsquo;aimais coudre mais ne voulais surtout pas en faire une activit\u00e9 professionnelle jusqu&rsquo;au jour o\u00f9 j&rsquo;ai entrevue la possibilit\u00e9 d&rsquo;utiliser mes savoirs faire vers une orientation plus cr\u00e9atrice. Hors des codes vestimentaires, du stylisme du moment, le v\u00eatement pouvait porter une expression personnelle.<br \/>\nDepuis un peu plus de quinze ans je cr\u00e9e des robes qui m&rsquo;am\u00e8nent \u00e0 utiliser d&rsquo;autres mati\u00e8res que le tissu en particulier le papier, les pages du livre de poche, papier photo, calque, ce qui tend \u00e0 cr\u00e9er des structures d&rsquo;enveloppement corporelle proches de la sculpture.<\/span><\/span><\/strong><\/p>\n","protected":false},"excerpt":{"rendered":"<p>Issue d&rsquo;une famille o\u00f9 la couture tenait une place importante, j&rsquo;aimais coudre mais ne voulais surtout pas en faire une activit\u00e9 professionnelle jusqu&rsquo;au jour o\u00f9 j&rsquo;ai entrevue la possibilit\u00e9 d&rsquo;utiliser mes savoirs faire vers une orientation plus cr\u00e9atrice. Hors des codes vestimentaires, du stylisme du moment, le v\u00eatement pouvait porter une expression personnelle. Depuis un<\/p>\n<footer class=\"entry-footer index-entry\">\n<div class=\"post-social pull-left\"><a href=\"https:\/\/www.facebook.com\/sharer\/sharer.php?u=https%3A%2F%2Fannie-coudert.fr%2Findex.php%2Faccueil%2F\" target=\"_blank\" class=\"social-icons\"><i class=\"fa fa-facebook\" aria-hidden=\"true\"><\/i><\/a><a href=\"https:\/\/twitter.com\/home?status=https%3A%2F%2Fannie-coudert.fr%2Findex.php%2Faccueil%2F\" target=\"_blank\" class=\"social-icons\"><i class=\"fa fa-twitter\" aria-hidden=\"true\"><\/i><\/a><a href=\"https:\/\/www.linkedin.com\/shareArticle?mini=true&#038;url=https%3A%2F%2Fannie-coudert.fr%2Findex.php%2Faccueil%2F&#038;title=Pr%C3%A9sentation\" target=\"_blank\" class=\"social-icons\"><i class=\"fa fa-linkedin\" aria-hidden=\"true\"><\/i><\/a><\/div>\n<p class=\"link-more\"><a href=\"https:\/\/annie-coudert.fr\/index.php\/accueil\/\" class=\"more-link\">Continue reading <span class=\"meta-nav\">\u2192<\/span><\/a><\/p>\n<\/footer>\n","protected":false},"author":1,"featured_media":0,"parent":0,"menu_order":0,"comment_status":"closed","ping_status":"closed","template":"","meta":{"footnotes":""},"class_list":["post-141","page","type-page","status-publish","hentry"],"_links":{"self":[{"href":"https:\/\/annie-coudert.fr\/index.php\/wp-json\/wp\/v2\/pages\/141","targetHints":{"allow":["GET"]}}],"collection":[{"href":"https:\/\/annie-coudert.fr\/index.php\/wp-json\/wp\/v2\/pages"}],"about":[{"href":"https:\/\/annie-coudert.fr\/index.php\/wp-json\/wp\/v2\/types\/page"}],"author":[{"embeddable":true,"href":"https:\/\/annie-coudert.fr\/index.php\/wp-json\/wp\/v2\/users\/1"}],"replies":[{"embeddable":true,"href":"https:\/\/annie-coudert.fr\/index.php\/wp-json\/wp\/v2\/comments?post=141"}],"version-history":[{"count":5,"href":"https:\/\/annie-coudert.fr\/index.php\/wp-json\/wp\/v2\/pages\/141\/revisions"}],"predecessor-version":[{"id":197,"href":"https:\/\/annie-coudert.fr\/index.php\/wp-json\/wp\/v2\/pages\/141\/revisions\/197"}],"wp:attachment":[{"href":"https:\/\/annie-coudert.fr\/index.php\/wp-json\/wp\/v2\/media?parent=141"}],"curies":[{"name":"wp","href":"https:\/\/api.w.org\/{rel}","templated":true}]}}