{"id":14,"date":"2018-07-30T20:28:02","date_gmt":"2018-07-30T18:28:02","guid":{"rendered":"http:\/\/annie-coudert.fr\/?page_id=14"},"modified":"2019-06-04T15:43:34","modified_gmt":"2019-06-04T13:43:34","slug":"expositions","status":"publish","type":"page","link":"https:\/\/annie-coudert.fr\/index.php\/expositions\/","title":{"rendered":"Expositions"},"content":{"rendered":"<p><strong>Expositions \u00e0 venir : <\/strong><\/p>\n<p><a href=\"http:\/\/annie-coudert.fr\/wp-content\/uploads\/2019\/06\/0002.jpg\"><img loading=\"lazy\" decoding=\"async\" class=\"alignnone size-medium wp-image-227\" src=\"http:\/\/annie-coudert.fr\/wp-content\/uploads\/2019\/06\/0002-300x212.jpg\" alt=\"\" width=\"300\" height=\"212\" srcset=\"https:\/\/annie-coudert.fr\/wp-content\/uploads\/2019\/06\/0002-300x212.jpg 300w, https:\/\/annie-coudert.fr\/wp-content\/uploads\/2019\/06\/0002-768x543.jpg 768w, https:\/\/annie-coudert.fr\/wp-content\/uploads\/2019\/06\/0002-1024x724.jpg 1024w\" sizes=\"auto, (max-width: 300px) 100vw, 300px\" \/><\/a> <a href=\"http:\/\/annie-coudert.fr\/wp-content\/uploads\/2019\/06\/0001.jpg\"><img loading=\"lazy\" decoding=\"async\" class=\"alignnone size-medium wp-image-226\" src=\"http:\/\/annie-coudert.fr\/wp-content\/uploads\/2019\/06\/0001-300x212.jpg\" alt=\"\" width=\"300\" height=\"212\" srcset=\"https:\/\/annie-coudert.fr\/wp-content\/uploads\/2019\/06\/0001-300x212.jpg 300w, https:\/\/annie-coudert.fr\/wp-content\/uploads\/2019\/06\/0001-768x543.jpg 768w, https:\/\/annie-coudert.fr\/wp-content\/uploads\/2019\/06\/0001-1024x724.jpg 1024w\" sizes=\"auto, (max-width: 300px) 100vw, 300px\" \/><\/a><\/p>\n<p><strong>_ Du 4 juillet au 7 juillet j&rsquo;ouvre mon atelier dans la cadre de la manifestation \u00ab\u00a0Ouverture d&rsquo;Ateliers d&rsquo;Artistes\u00a0\u00bb du Pays de Duras.<\/strong><\/p>\n<p><strong>Du 4 au 10 mars 2019 \u00e0 MARMANDE, 2\u00e9me Salon des Artistes Aquitains, Chapelle de l&rsquo;Annonciade, Ehpad Saint Exup\u00e9ry.<br \/>\n<\/strong><\/p>\n<p><strong>Expositions pass\u00e9es :<\/strong><\/p>\n<div class=\"manage-post\"><ul class=\"post\"><h3>posts<\/h3><li><a href=\"https:\/\/annie-coudert.fr\/index.php\/2019\/02\/16\/exposition-du-4-au-10-mars-a-marmande-salon-des-artistes-aquitains-chapelle-de-lannonciade-ehpad-saint-exupery\/\">Exposition du 4 au 10 mars \u00e0 Marmande, Salon des Artistes Aquitains, Chapelle de l&rsquo;Annonciade, Ehpad Saint Exup\u00e9ry.<\/a><\/li><li><a href=\"https:\/\/annie-coudert.fr\/index.php\/2018\/07\/31\/obart-bordeaux-2018\/\">OB&rsquo;ART BORDEAUX 2018<\/a><\/li><li><a href=\"https:\/\/annie-coudert.fr\/index.php\/2018\/07\/31\/biennale-autour-du-fil\/\">Autour du Fil, FANJEAUX<\/a><\/li><li><a href=\"https:\/\/annie-coudert.fr\/index.php\/2018\/07\/31\/arts-vagabons-revel\/\">ARTS VAGABONDS Revel<\/a><\/li><\/ul><\/div>\n<ul>\n<li><strong>du 10 au 13 mai 2018 ARTISTES A SUIVRE, Haute Vall\u00e9e de l&rsquo;Aude<\/strong><\/li>\n<li><strong>23 juin 15 ao\u00fbt 2017 \u00ab\u00a0Femin&rsquo;Ellesment Vous\u00a0\u00bb COOP-ART Servi\u00e8s en Val, Aude<\/strong><\/li>\n<li><strong>17 ao\u00fbt 31 octobre 2017 \u00ab\u00a0LES JAUNES\u00a0\u00bb COOP-ART Servi\u00e8s en Val, Aude<\/strong><\/li>\n<li><strong>8 avril au 20 avril 2017 \u00ab\u00a0BaroQ&amp;Rock\u00a0\u00bb Rib\u00e9rac, Dordogne<\/strong><\/li>\n<li><strong>10, 11 mars 2017 \u00ab\u00a0Festival Comment Dire\u00a0\u00bb Targon, Gironde<\/strong><\/li>\n<li><strong>9 au 19 mars 2017 \u00ab\u00a0Salon des Artistes d&rsquo;Aquitaine\u00a0\u00bb Marmande, Lot et Garonne<\/strong><\/li>\n<li><strong>15 janvier au 25 f\u00e9vrier 2017 Galerie LES POISSONS VOLANTS Dolus d&rsquo;Ol\u00e9ron<\/strong><\/li>\n<li><strong>9,10,11 d\u00e9cembre 2016 Bo<\/strong><strong>rdeaux, OB&rsquo;ART, exposition collective avec la \u00a0galerie \u00ab\u00a0Etats d&rsquo;Arts\u00a0\u00bb<\/strong><\/li>\n<li><strong>7 au 29 octobre 2016 Espace Culturel Maurice Druon,-Coutras 33230<\/strong><\/li>\n<li><strong>17, 18 juin0 2016 \u00a0\u00bb Envie d&rsquo;Art\u00a0\u00bb Maison de Gascogne,- Auch 3200<\/strong><\/li>\n<li><strong>6 mars au 30 avril 2016\u00a0 Baz&rsquo;Art, Fronsac Libourne (Gironde) exposition collective<\/strong><\/li>\n<\/ul>\n<p><strong>&#8211;\u00a0 25 f\u00e9vrier 7 mars 2015 Th\u00e9\u00e2tre de l\u2019Archipel, Perpignan<\/strong><\/p>\n<p><strong>&#8211; 28 ao\u00fbt 12 septembre 2014 L\u2019Art\u00e9riographe r\u00e9serve d\u2019Artistes, La R\u00e9ole (Gironde)<\/strong><\/p>\n<p><strong>&#8211; 23 f\u00e9vrier 1er mars 2014 Semaine de l\u2019Art de Pauillac, M\u00e9doc (Gironde) exposition collective<\/strong><\/p>\n<p><strong>&#8211; Juillet ao\u00fbt 2013 M\u00e9diath\u00e8que de C\u00e9ret (Pyr\u00e9n\u00e9es Orientales) exposition collective<\/strong><\/p>\n<p><strong>&#8211; 2 au 10 mars 2013 <i>\u00abHuit Mars Huit Femmes\u00bb<\/i> Saint Foy la Grande (Gironde)<\/strong><\/p>\n<p><strong>&#8211; 17 janvier au 2 avril 2013 <i>\u00abR\u00e9sonance de Trame\u00bb<\/i> Cabestany Centre de Sculpture Romane, (Pyr\u00e9n\u00e9es Orientales)<\/strong><\/p>\n<p><strong>&#8211; Mai \u00e0 ao\u00fbt 2012 <i>\u00abEntre deux Eaux\u00bb<\/i> Ch\u00e2teau l\u2019Hospitalit\u00e9, Narbonne, (Aude)<\/strong><\/p>\n<p><strong>&#8211; Ao\u00fbt 2010 Ch\u00e2teau Laroque, Juillac, (Gironde)<\/strong><\/p>\n<p><strong>&#8211; Juillet 2010 <i>\u00abLes Lecturiales\u00bb <\/i>Targon, (Gironde)<\/strong><\/p>\n<p><strong>&#8211; Septembre 2009, \u00abJourn\u00e9es du Patrimoine\u00bb Saint Astier de Duras (Lot et Garonne)<\/strong><\/p>\n<p><strong>&#8211; Mai 2009, <i> \u00abF\u00eate des Triplettes\u00bb<\/i>, Belfond, (Gironde)<\/strong><\/p>\n<p>&#8211;<strong> Juin \u00e0 Ao\u00fbt 2007, \u00abGalerie Temps Essentiels\u00bb, Monteton, (Lot et Garonne)<\/strong><\/p>\n<p><strong>&#8211; 18 au 26 novembre 2006 \u00ab<i>Les Artistes le Papier et le Carton\u00bb<\/i> March\u00e9 des Chartrons, Bordeaux.<\/strong><\/p>\n","protected":false},"excerpt":{"rendered":"<p>Expositions \u00e0 venir : _ Du 4 juillet au 7 juillet j&rsquo;ouvre mon atelier dans la cadre de la manifestation \u00ab\u00a0Ouverture d&rsquo;Ateliers d&rsquo;Artistes\u00a0\u00bb du Pays de Duras. Du 4 au 10 mars 2019 \u00e0 MARMANDE, 2\u00e9me Salon des Artistes Aquitains, Chapelle de l&rsquo;Annonciade, Ehpad Saint Exup\u00e9ry. Expositions pass\u00e9es : du 10 au 13 mai 2018<\/p>\n<footer class=\"entry-footer index-entry\">\n<div class=\"post-social pull-left\"><a href=\"https:\/\/www.facebook.com\/sharer\/sharer.php?u=https%3A%2F%2Fannie-coudert.fr%2Findex.php%2F2018%2F07%2F31%2Farts-vagabons-revel%2F\" target=\"_blank\" class=\"social-icons\"><i class=\"fa fa-facebook\" aria-hidden=\"true\"><\/i><\/a><a href=\"https:\/\/twitter.com\/home?status=https%3A%2F%2Fannie-coudert.fr%2Findex.php%2F2018%2F07%2F31%2Farts-vagabons-revel%2F\" target=\"_blank\" class=\"social-icons\"><i class=\"fa fa-twitter\" aria-hidden=\"true\"><\/i><\/a><a href=\"https:\/\/www.linkedin.com\/shareArticle?mini=true&#038;url=https%3A%2F%2Fannie-coudert.fr%2Findex.php%2F2018%2F07%2F31%2Farts-vagabons-revel%2F&#038;title=ARTS+VAGABONDS+Revel\" target=\"_blank\" class=\"social-icons\"><i class=\"fa fa-linkedin\" aria-hidden=\"true\"><\/i><\/a><\/div>\n<p class=\"link-more\"><a href=\"https:\/\/annie-coudert.fr\/index.php\/2018\/07\/31\/arts-vagabons-revel\/\" class=\"more-link\">Continue reading <span class=\"meta-nav\">\u2192<\/span><\/a><\/p>\n<\/footer>\n","protected":false},"author":1,"featured_media":0,"parent":0,"menu_order":0,"comment_status":"closed","ping_status":"closed","template":"","meta":{"footnotes":""},"class_list":["post-14","page","type-page","status-publish","hentry"],"_links":{"self":[{"href":"https:\/\/annie-coudert.fr\/index.php\/wp-json\/wp\/v2\/pages\/14","targetHints":{"allow":["GET"]}}],"collection":[{"href":"https:\/\/annie-coudert.fr\/index.php\/wp-json\/wp\/v2\/pages"}],"about":[{"href":"https:\/\/annie-coudert.fr\/index.php\/wp-json\/wp\/v2\/types\/page"}],"author":[{"embeddable":true,"href":"https:\/\/annie-coudert.fr\/index.php\/wp-json\/wp\/v2\/users\/1"}],"replies":[{"embeddable":true,"href":"https:\/\/annie-coudert.fr\/index.php\/wp-json\/wp\/v2\/comments?post=14"}],"version-history":[{"count":22,"href":"https:\/\/annie-coudert.fr\/index.php\/wp-json\/wp\/v2\/pages\/14\/revisions"}],"predecessor-version":[{"id":282,"href":"https:\/\/annie-coudert.fr\/index.php\/wp-json\/wp\/v2\/pages\/14\/revisions\/282"}],"wp:attachment":[{"href":"https:\/\/annie-coudert.fr\/index.php\/wp-json\/wp\/v2\/media?parent=14"}],"curies":[{"name":"wp","href":"https:\/\/api.w.org\/{rel}","templated":true}]}}